{"id":908,"date":"2020-05-10T17:09:53","date_gmt":"2020-05-10T16:09:53","guid":{"rendered":"https:\/\/frenchtax.co.uk\/individuals\/?page_id=908"},"modified":"2020-05-12T11:57:01","modified_gmt":"2020-05-12T10:57:01","slug":"abbreviations","status":"publish","type":"page","link":"https:\/\/frenchtax.co.uk\/individuals\/abbreviations\/","title":{"rendered":"Abbreviations"},"content":{"rendered":"<div class=\"cm-glossary term-definition\"><div class=\"glossary-container no-counts\">\r\n         \r\n        <div class=\"progress-indicator\">\r\n            <img src=\"https:\/\/frenchtax.co.uk\/individuals\/wp-content\/plugins\/TooltipProEcommerce\/assets\/css\/images\/ajax-loader.gif\" alt=\"AJAX progress indicator\" \/>\r\n        <\/div>\r\n        <div class=\"glossary_top_filter\">\r\n            <div class=\"left\">\r\n                                                            <div class=\"cmtt_help glossary-search-helpitem\" data-cmtooltip=\"The search returns the partial search for the given query from both the term title and description. So it will return the results even if the given query is part of the word in the description.\"><\/div>\r\n                                        <span class=\"glossary-search-label\">Search:<\/span>\r\n                    <div class=\"glossary-search-wrapper\">\r\n                        <input value=\"\" placeholder=\"\" class=\"glossary-search-term \" name=\"glossary-search-term\" id=\"glossary-search-term\" \/>\r\n                        <button type=\"submit\" id=\"glossary-search\" class=\"glossary-search button\">Search<\/button>\r\n                    <\/div>\r\n                    <a class=\"glossary-search-clear\" title=\"Clear the input\" href=\"\">\r\n                        (clear)                    <\/a>\r\n                                <input type=\"hidden\" class=\"glossary-categories\" name=\"cat\" value=\"32\"><input type=\"hidden\" class=\"glossary-freeze-categories\" name=\"freeze_cat\" value=\"1\">            <\/div>\r\n                <\/div>\r\n        <input type=\"hidden\" class=\"cmtt-attribute-field\" name=\"disable_listnav\" value=\"0\" \/>\r\n        <input type=\"hidden\" class=\"cmtt-attribute-field\" name=\"exact_search\" value=\"0\" \/>\r\n        <input type=\"hidden\" class=\"cmtt-attribute-field\" name=\"show_search\" value=\"1\" \/>\r\n        <input type=\"hidden\" class=\"glossary-hide-terms\" name=\"glossary-hide-terms\" value=\"0\" \/>\r\n        <input type=\"hidden\" class=\"glossary-hide-abbrevs\" name=\"glossary-hide-abbrevs\" value=\"0\" \/>\r\n        <input type=\"hidden\" class=\"glossary-hide-synonyms\" name=\"glossary-hide-synonyms\" value=\"0\" \/>\r\n        <input type=\"hidden\" name=\"tooltip_language\" value=\"\" \/>\r\n        <input type=\"hidden\" name=\"language_dropdown\" value=\"\" \/>\r\n        <input type=\"hidden\" name=\"languages_for_table\" value=\"\" \/>\r\n        <input type=\"hidden\" class=\"cmtt-attribute-field\" name=\"glossary_index_style\" value=\"term-definition\"><div id=\"glossaryList-nav\" class=\"listNav small\" role=\"tablist\"><\/div><ul class=\"glossaryList\" role=\"tablist\" id=\"glossaryList\"><li class=\"cmtg-term-definition_header\">\r\n                            <div class=\"glossary_itemtitle\">Term<\/div>\r\n                            <div class=\"glossary_itemdesc\">Definition<\/div>\r\n                        <\/li><li class=\"\" ><div class=\"term-block\"><a class=\"glossaryLink glossary-link-title  cmtt_Abbreviations\"  href=\"https:\/\/frenchtax.co.uk\/individuals\/glossary\/cgt\/\"  target=\"_blank\"   style=\"\" ><span class=\"dashicons \" data-icon=\"\" style=\"color:#000;display:inline;vertical-align:baseline;\"><\/span>CGT<\/a><\/div><div class=\"glossary_itemdesc\">\nCapital gains tax. French: imp\u00f4t sur les plus values.\n<\/div><\/li><li class=\"\" ><div class=\"term-block\"><a class=\"glossaryLink glossary-link-title  cmtt_French terms cmtt_Abbreviations\"  href=\"https:\/\/frenchtax.co.uk\/individuals\/glossary\/cite\/\"  target=\"_blank\"   style=\"\" >CITE<span class=\"dashicons \" data-icon=\"\" style=\"color:#000;display:inline;vertical-align:baseline;\"><\/span><\/a><\/div><div class=\"glossary_itemdesc\">\nCr\u00e9dit d'imp\u00f4t pour la transition \u00e9nerg\u00e9tique.\n<\/div><\/li><li class=\"\" ><div class=\"term-block\"><a class=\"glossaryLink glossary-link-title  cmtt_Abbreviations\"  href=\"https:\/\/frenchtax.co.uk\/individuals\/glossary\/eea\/\"  target=\"_blank\"   style=\"\" ><span class=\"dashicons \" data-icon=\"\" style=\"color:#000;display:inline;vertical-align:baseline;\"><\/span>EEA<\/a><\/div><div class=\"glossary_itemdesc\">\nEuropean Economic Area - the European Union countries plus Iceland, Liechtenstein and Norway\n<\/div><\/li><li class=\"\" ><div class=\"term-block\"><a class=\"glossaryLink glossary-link-title  cmtt_Abbreviations\"  href=\"https:\/\/frenchtax.co.uk\/individuals\/glossary\/eu\/\"  target=\"_blank\"   style=\"\" ><span class=\"dashicons \" data-icon=\"\" style=\"color:#000;display:inline;vertical-align:baseline;\"><\/span>EU<\/a><\/div><div class=\"glossary_itemdesc\">\nEuropean Union.\n<\/div><\/li><li class=\"\" ><div class=\"term-block\"><a class=\"glossaryLink glossary-link-title  cmtt_Abbreviations\"  href=\"https:\/\/frenchtax.co.uk\/individuals\/glossary\/ifi\/\"  target=\"_blank\"   style=\"\" ><span class=\"dashicons \" data-icon=\"\" style=\"color:#000;display:inline;vertical-align:baseline;\"><\/span>IFI<\/a><\/div><div class=\"glossary_itemdesc\">\nImp\u00f4t sur la fortune immobili\u00e8re.\n<\/div><\/li><li class=\"\" ><div class=\"term-block\"><a class=\"glossaryLink glossary-link-title  cmtt_Abbreviations\"  href=\"https:\/\/frenchtax.co.uk\/individuals\/glossary\/sci\/\"  target=\"_blank\"   style=\"\" ><span class=\"dashicons \" data-icon=\"\" style=\"color:#000;display:inline;vertical-align:baseline;\"><\/span>SCI<\/a><\/div><div class=\"glossary_itemdesc\">\nSoci\u00e9t\u00e9 Civile Immobili\u00e8re.\n<\/div><\/li><li class=\"\" ><div class=\"term-block\"><a class=\"glossaryLink glossary-link-title  cmtt_Abbreviations\"  href=\"https:\/\/frenchtax.co.uk\/individuals\/glossary\/tva\/\"  target=\"_blank\"   style=\"\" ><span class=\"dashicons \" data-icon=\"\" style=\"color:#000;display:inline;vertical-align:baseline;\"><\/span>TVA<\/a><\/div><div class=\"glossary_itemdesc\">\nTaxe sur la valeur ajout\u00e9e.\n<\/div><\/li><\/ul><\/div><div class=\"clear clearfix cmtt-clearfix\"><\/div><\/div>\n","protected":false},"excerpt":{"rendered":"","protected":false},"author":1,"featured_media":0,"parent":0,"menu_order":0,"comment_status":"closed","ping_status":"closed","template":"","meta":{"_uag_custom_page_level_css":"","site-sidebar-layout":"default","site-content-layout":"default","ast-main-header-display":"","ast-hfb-above-header-display":"","ast-hfb-below-header-display":"","ast-hfb-mobile-header-display":"","site-post-title":"","ast-breadcrumbs-content":"","ast-featured-img":"","footer-sml-layout":"","theme-transparent-header-meta":"default","adv-header-id-meta":"","stick-header-meta":"default","header-above-stick-meta":"","header-main-stick-meta":"","header-below-stick-meta":""},"uagb_featured_image_src":{"full":false,"thumbnail":false,"medium":false,"medium_large":false,"large":false,"1536x1536":false,"2048x2048":false},"uagb_author_info":{"display_name":"Kehinde Dauda","author_link":"https:\/\/frenchtax.co.uk\/individuals\/author\/kehftx480\/"},"uagb_comment_info":0,"uagb_excerpt":null,"_links":{"self":[{"href":"https:\/\/frenchtax.co.uk\/individuals\/wp-json\/wp\/v2\/pages\/908"}],"collection":[{"href":"https:\/\/frenchtax.co.uk\/individuals\/wp-json\/wp\/v2\/pages"}],"about":[{"href":"https:\/\/frenchtax.co.uk\/individuals\/wp-json\/wp\/v2\/types\/page"}],"author":[{"embeddable":true,"href":"https:\/\/frenchtax.co.uk\/individuals\/wp-json\/wp\/v2\/users\/1"}],"replies":[{"embeddable":true,"href":"https:\/\/frenchtax.co.uk\/individuals\/wp-json\/wp\/v2\/comments?post=908"}],"version-history":[{"count":3,"href":"https:\/\/frenchtax.co.uk\/individuals\/wp-json\/wp\/v2\/pages\/908\/revisions"}],"predecessor-version":[{"id":993,"href":"https:\/\/frenchtax.co.uk\/individuals\/wp-json\/wp\/v2\/pages\/908\/revisions\/993"}],"wp:attachment":[{"href":"https:\/\/frenchtax.co.uk\/individuals\/wp-json\/wp\/v2\/media?parent=908"}],"curies":[{"name":"wp","href":"https:\/\/api.w.org\/{rel}","templated":true}]}}